{"id":689,"date":"2018-10-29T12:27:34","date_gmt":"2018-10-29T15:27:34","guid":{"rendered":"https:\/\/nefrocba.org.ar\/simposio\/?page_id=689"},"modified":"2018-12-07T11:54:52","modified_gmt":"2018-12-07T14:54:52","slug":"minisimposio-de-calidad-en-dialisis","status":"publish","type":"page","link":"https:\/\/nefrocba.org.ar\/simposio\/minisimposio-de-calidad-en-dialisis\/","title":{"rendered":"Temario"},"content":{"rendered":"<br \/>\n<h4>Jueves 4 de Abril<\/h4>\n<h6>9:00 a 13:30<\/h6>\n<h4>Minisimposio de calidad en di\u00e1lisis<\/h4>\n<ul>\n<li>Control de calidad de Hemodi\u00e1lisis y Hemodiafiltracion. Protocolo EUCLID.<\/li>\n<li>Control de Calidad en Di\u00e1lisis Peritoneal.<\/li>\n<li>La calidad de hemodi\u00e1lisis vista por el paciente.<\/li>\n<li>Situaci\u00f3n de la calidad en di\u00e1lisis en Argentina: marcadores de CADRA.<\/li>\n<li>Optimizando la ecuaci\u00f3n costo\/calidad en Argentina.<\/li>\n<\/ul>\n<h5>Jueves 4 de Abril<br \/>\n Viernes 5 de Abril<\/h5>\n<h4>Simposio de nefrolog\u00eda, di\u00e1lisis y trasplante<\/h4>\n<ul>\n<li>Nefrolog\u00eda Cl\u00ednica: Precisi\u00f3n en la enfermedad glomerular.<\/li>\n<li>Nefropat\u00eda por Inmunoglobulina A: \u00bfDe qu\u00e9 tipo de nefritis IGA estamos hablando?<\/li>\n<li>Nefropat\u00eda Membranosa: su manejo en la era de los AC Antifosfolipasas.<\/li>\n<li>Esclerosis Focal y Segmentaria: una v\u00eda final com\u00fan a la enfermedad del podocito y\/o a la alteraci\u00f3n de la hemodinamia glomerular.<\/li>\n<li>Injuria renal aguda: AKI\n<ul>\n<li>Distintos tipos de AKI: no todas son iguales ni se deben manejar de la misma forma.<\/li>\n<li>Disecando la fisiopatolog\u00eda del AKI.<\/li>\n<li>Redefiniendo Enfermedad Renal Cr\u00f3nica: buscando biomarcadores<\/li>\n<\/ul>\n<\/li>\n<li>Conferencia plenaria: La nefrolog\u00eda de precisi\u00f3n en la curr\u00edcula de formaci\u00f3n en Nefrolog\u00eda<\/li>\n<li>Controversia: Manejo del volumen en di\u00e1lisis, control del peso seco con bioimpedancia en hemodi\u00e1lisis y di\u00e1lisis peritoneal.\u00a0Hipertensi\u00f3n arterial en enfermedad renal cr\u00f3nica.<\/li>\n<li>Precisi\u00f3n en enfermedad renal\n<ul>\n<li>Reclasificaci\u00f3n de nefritis lupica<\/li>\n<li>Simposio de la industria Gador: Trasplante, avances en trasplante renal.<\/li>\n<\/ul>\n<\/li>\n<li>Medicina de Precisi\u00f3n: Biolog\u00eda Molecular en Tx Renal.\n<ul>\n<li>Microscopio molecular en Trasplante Renal: diagn\u00f3stico de Rechazo Cr\u00f3nico Humoral.<\/li>\n<li>Diagn\u00f3stico molecular en Trasplante Renal: estudio de pacientes con IFTA y DGF.<\/li>\n<\/ul>\n<\/li>\n<li>Simposio trasplante &#8211; SAT\/SNCba\n<ul>\n<li>Situaci\u00f3n de la detecci\u00f3n de Anticuerpos antiHLA en Argentina<\/li>\n<li>Medicina de Precisi\u00f3n y detecci\u00f3n de Anticuerpos anti HLA.<\/li>\n<li>Monitoreo de Anticuerpos anti HLA en del Pacientes sensibilizados Post trasplante Renal<\/li>\n<\/ul>\n<\/li>\n<\/ul>\n","protected":false},"excerpt":{"rendered":"<p>Jueves 4 de Abril 9:00 a 13:30 Minisimposio de calidad en di\u00e1lisis Control de calidad de Hemodi\u00e1lisis y Hemodiafiltracion. Protocolo EUCLID. Control de Calidad en Di\u00e1lisis Peritoneal. La calidad de hemodi\u00e1lisis vista por el paciente. Situaci\u00f3n de la calidad en di\u00e1lisis en Argentina: marcadores de CADRA. Optimizando la ecuaci\u00f3n costo\/calidad en Argentina. Jueves 4 de [&hellip;]<\/p>\n","protected":false},"author":1,"featured_media":0,"parent":0,"menu_order":0,"comment_status":"closed","ping_status":"closed","template":"page-v2.php","meta":{"_acf_changed":false,"footnotes":""},"class_list":["post-689","page","type-page","status-publish","hentry"],"acf":[],"yoast_head":"<!-- This site is optimized with the Yoast SEO plugin v27.5 - https:\/\/yoast.com\/product\/yoast-seo-wordpress\/ -->\n<title>Temario - Simposio Internacional de Medicina de Precisi\u00f3n en Nefrolog\u00eda, Di\u00e1lisis y Transplante<\/title>\n<meta name=\"robots\" content=\"index, follow, max-snippet:-1, max-image-preview:large, max-video-preview:-1\" \/>\n<link rel=\"canonical\" href=\"https:\/\/nefrocba.org.ar\/simposio\/minisimposio-de-calidad-en-dialisis\/\" \/>\n<meta property=\"og:locale\" content=\"es_ES\" \/>\n<meta property=\"og:type\" content=\"article\" \/>\n<meta property=\"og:title\" content=\"Temario - Simposio Internacional de Medicina de Precisi\u00f3n en Nefrolog\u00eda, Di\u00e1lisis y Transplante\" \/>\n<meta property=\"og:description\" content=\"Jueves 4 de Abril 9:00 a 13:30 Minisimposio de calidad en di\u00e1lisis Control de calidad de Hemodi\u00e1lisis y Hemodiafiltracion. Protocolo EUCLID. Control de Calidad en Di\u00e1lisis Peritoneal. La calidad de hemodi\u00e1lisis vista por el paciente. Situaci\u00f3n de la calidad en di\u00e1lisis en Argentina: marcadores de CADRA. Optimizando la ecuaci\u00f3n costo\/calidad en Argentina. Jueves 4 de [&hellip;]\" \/>\n<meta property=\"og:url\" content=\"https:\/\/nefrocba.org.ar\/simposio\/minisimposio-de-calidad-en-dialisis\/\" \/>\n<meta property=\"og:site_name\" content=\"Simposio Internacional de Medicina de Precisi\u00f3n en Nefrolog\u00eda, Di\u00e1lisis y Transplante\" \/>\n<meta property=\"article:modified_time\" content=\"2018-12-07T14:54:52+00:00\" \/>\n<meta name=\"twitter:card\" content=\"summary_large_image\" \/>\n<meta name=\"twitter:label1\" content=\"Tiempo de lectura\" \/>\n\t<meta name=\"twitter:data1\" content=\"2 minutos\" \/>\n<script type=\"application\/ld+json\" class=\"yoast-schema-graph\">{\"@context\":\"https:\\\/\\\/schema.org\",\"@graph\":[{\"@type\":\"WebPage\",\"@id\":\"https:\\\/\\\/nefrocba.org.ar\\\/simposio\\\/minisimposio-de-calidad-en-dialisis\\\/\",\"url\":\"https:\\\/\\\/nefrocba.org.ar\\\/simposio\\\/minisimposio-de-calidad-en-dialisis\\\/\",\"name\":\"Temario - Simposio Internacional de Medicina de Precisi\u00f3n en Nefrolog\u00eda, Di\u00e1lisis y Transplante\",\"isPartOf\":{\"@id\":\"https:\\\/\\\/nefrocba.org.ar\\\/simposio\\\/#website\"},\"datePublished\":\"2018-10-29T15:27:34+00:00\",\"dateModified\":\"2018-12-07T14:54:52+00:00\",\"breadcrumb\":{\"@id\":\"https:\\\/\\\/nefrocba.org.ar\\\/simposio\\\/minisimposio-de-calidad-en-dialisis\\\/#breadcrumb\"},\"inLanguage\":\"es\",\"potentialAction\":[{\"@type\":\"ReadAction\",\"target\":[\"https:\\\/\\\/nefrocba.org.ar\\\/simposio\\\/minisimposio-de-calidad-en-dialisis\\\/\"]}]},{\"@type\":\"BreadcrumbList\",\"@id\":\"https:\\\/\\\/nefrocba.org.ar\\\/simposio\\\/minisimposio-de-calidad-en-dialisis\\\/#breadcrumb\",\"itemListElement\":[{\"@type\":\"ListItem\",\"position\":1,\"name\":\"Portada\",\"item\":\"https:\\\/\\\/nefrocba.org.ar\\\/simposio\\\/\"},{\"@type\":\"ListItem\",\"position\":2,\"name\":\"Temario\"}]},{\"@type\":\"WebSite\",\"@id\":\"https:\\\/\\\/nefrocba.org.ar\\\/simposio\\\/#website\",\"url\":\"https:\\\/\\\/nefrocba.org.ar\\\/simposio\\\/\",\"name\":\"Simposio Internacional de Medicina de Precisi\u00f3n en Nefrolog\u00eda, Di\u00e1lisis y Transplante\",\"description\":\"C\u00f3rdoba. 4 - 5 de Abril de 2019\",\"potentialAction\":[{\"@type\":\"SearchAction\",\"target\":{\"@type\":\"EntryPoint\",\"urlTemplate\":\"https:\\\/\\\/nefrocba.org.ar\\\/simposio\\\/?s={search_term_string}\"},\"query-input\":{\"@type\":\"PropertyValueSpecification\",\"valueRequired\":true,\"valueName\":\"search_term_string\"}}],\"inLanguage\":\"es\"}]}<\/script>\n<!-- \/ Yoast SEO plugin. -->","yoast_head_json":{"title":"Temario - Simposio Internacional de Medicina de Precisi\u00f3n en Nefrolog\u00eda, Di\u00e1lisis y Transplante","robots":{"index":"index","follow":"follow","max-snippet":"max-snippet:-1","max-image-preview":"max-image-preview:large","max-video-preview":"max-video-preview:-1"},"canonical":"https:\/\/nefrocba.org.ar\/simposio\/minisimposio-de-calidad-en-dialisis\/","og_locale":"es_ES","og_type":"article","og_title":"Temario - Simposio Internacional de Medicina de Precisi\u00f3n en Nefrolog\u00eda, Di\u00e1lisis y Transplante","og_description":"Jueves 4 de Abril 9:00 a 13:30 Minisimposio de calidad en di\u00e1lisis Control de calidad de Hemodi\u00e1lisis y Hemodiafiltracion. Protocolo EUCLID. Control de Calidad en Di\u00e1lisis Peritoneal. La calidad de hemodi\u00e1lisis vista por el paciente. Situaci\u00f3n de la calidad en di\u00e1lisis en Argentina: marcadores de CADRA. Optimizando la ecuaci\u00f3n costo\/calidad en Argentina. Jueves 4 de [&hellip;]","og_url":"https:\/\/nefrocba.org.ar\/simposio\/minisimposio-de-calidad-en-dialisis\/","og_site_name":"Simposio Internacional de Medicina de Precisi\u00f3n en Nefrolog\u00eda, Di\u00e1lisis y Transplante","article_modified_time":"2018-12-07T14:54:52+00:00","twitter_card":"summary_large_image","twitter_misc":{"Tiempo de lectura":"2 minutos"},"schema":{"@context":"https:\/\/schema.org","@graph":[{"@type":"WebPage","@id":"https:\/\/nefrocba.org.ar\/simposio\/minisimposio-de-calidad-en-dialisis\/","url":"https:\/\/nefrocba.org.ar\/simposio\/minisimposio-de-calidad-en-dialisis\/","name":"Temario - Simposio Internacional de Medicina de Precisi\u00f3n en Nefrolog\u00eda, Di\u00e1lisis y Transplante","isPartOf":{"@id":"https:\/\/nefrocba.org.ar\/simposio\/#website"},"datePublished":"2018-10-29T15:27:34+00:00","dateModified":"2018-12-07T14:54:52+00:00","breadcrumb":{"@id":"https:\/\/nefrocba.org.ar\/simposio\/minisimposio-de-calidad-en-dialisis\/#breadcrumb"},"inLanguage":"es","potentialAction":[{"@type":"ReadAction","target":["https:\/\/nefrocba.org.ar\/simposio\/minisimposio-de-calidad-en-dialisis\/"]}]},{"@type":"BreadcrumbList","@id":"https:\/\/nefrocba.org.ar\/simposio\/minisimposio-de-calidad-en-dialisis\/#breadcrumb","itemListElement":[{"@type":"ListItem","position":1,"name":"Portada","item":"https:\/\/nefrocba.org.ar\/simposio\/"},{"@type":"ListItem","position":2,"name":"Temario"}]},{"@type":"WebSite","@id":"https:\/\/nefrocba.org.ar\/simposio\/#website","url":"https:\/\/nefrocba.org.ar\/simposio\/","name":"Simposio Internacional de Medicina de Precisi\u00f3n en Nefrolog\u00eda, Di\u00e1lisis y Transplante","description":"C\u00f3rdoba. 4 - 5 de Abril de 2019","potentialAction":[{"@type":"SearchAction","target":{"@type":"EntryPoint","urlTemplate":"https:\/\/nefrocba.org.ar\/simposio\/?s={search_term_string}"},"query-input":{"@type":"PropertyValueSpecification","valueRequired":true,"valueName":"search_term_string"}}],"inLanguage":"es"}]}},"post_mailing_queue_ids":[],"_links":{"self":[{"href":"https:\/\/nefrocba.org.ar\/simposio\/wp-json\/wp\/v2\/pages\/689","targetHints":{"allow":["GET"]}}],"collection":[{"href":"https:\/\/nefrocba.org.ar\/simposio\/wp-json\/wp\/v2\/pages"}],"about":[{"href":"https:\/\/nefrocba.org.ar\/simposio\/wp-json\/wp\/v2\/types\/page"}],"author":[{"embeddable":true,"href":"https:\/\/nefrocba.org.ar\/simposio\/wp-json\/wp\/v2\/users\/1"}],"replies":[{"embeddable":true,"href":"https:\/\/nefrocba.org.ar\/simposio\/wp-json\/wp\/v2\/comments?post=689"}],"version-history":[{"count":10,"href":"https:\/\/nefrocba.org.ar\/simposio\/wp-json\/wp\/v2\/pages\/689\/revisions"}],"predecessor-version":[{"id":742,"href":"https:\/\/nefrocba.org.ar\/simposio\/wp-json\/wp\/v2\/pages\/689\/revisions\/742"}],"wp:attachment":[{"href":"https:\/\/nefrocba.org.ar\/simposio\/wp-json\/wp\/v2\/media?parent=689"}],"curies":[{"name":"wp","href":"https:\/\/api.w.org\/{rel}","templated":true}]}}