{"id":552,"date":"2018-09-19T04:39:12","date_gmt":"2018-09-19T04:39:12","guid":{"rendered":"https:\/\/nefrocba.org.ar\/simposio\/?page_id=552"},"modified":"2018-12-04T15:02:05","modified_gmt":"2018-12-04T18:02:05","slug":"autoridades","status":"publish","type":"page","link":"https:\/\/nefrocba.org.ar\/simposio\/autoridades\/","title":{"rendered":"Autoridades"},"content":{"rendered":"<h4>COMIT\u00c9 ORGANIZADOR<\/h4>\n<h6>Dr. Javier de Artega<\/h6>\n<p>PRESIDENTE<\/p>\n<h6>Dra. Susana Carmona<\/h6>\n<p>VICE PRESIDENTE<\/p>\n<h6>Dr. Rafael Maldonado<\/h6>\n<p>SECRETARIO<\/p>\n<h6>Dr. Sergio Boni<\/h6>\n<p>TESORERO<\/p>\n<h6>Dra. Susana Leoni<\/h6>\n<p>SECRETARIO ACADEMICO<\/p>\n<h6>Dra. Paula Dionisi<\/h6>\n<p>SECRETARIO DE ACTAS<\/p>\n<h5>VOCALES<\/h5>\n<h6>Dra. Viviana Isnardi<\/h6>\n<p>TITULAR<\/p>\n<h6>Dr. German G\u00e1lvez<\/h6>\n<p>TITULAR<\/p>\n<h6>Dra. Adriana Jorge<\/h6>\n<p>TITULAR<\/p>\n<h6>Dr. Jorge de la Fuente<\/h6>\n<p>SUPLENTE<\/p>\n<h5>COMISION REVISORA DE CUENTAS<\/h5>\n<h6>Dr. Walter Douthat<\/h6>\n<p>TITULAR<\/p>\n<h6>Dr. Oscar Alvarez<\/h6>\n<p>TITULAR<\/p>\n<h6>Dr. Enrique Aliciardi<\/h6>\n<p>TITULAR<\/p>\n<h6>Dr. Jorge Abdala<\/h6>\n<p>SUPLENTE<\/p>\n<h5>COMIT\u00c9 CIENTIFICO<\/h5>\n<h6>Dr. Javier de Arteaga<\/h6>\n<p>PRESIDENTE<\/p>\n<h6>Dr. Rafael Maldonado<\/h6>\n<p>PRESIDENTE<\/p>\n<h6>Dr. Jorge Abdala<\/h6>\n<h6>Dr. Sergio Boni<\/h6>\n<h6>Dra. Susana Carmona<\/h6>\n<h6>Dr. Juan Jos\u00e9 Di Bernardo<\/h6>\n<h6>Dr. Carlos D\u00edaz<\/h6>\n<h6>Dra. Paula Dionisi<\/h6>\n<h6>Dr. Walter Douthat<\/h6>\n<h6>Dra. Adriana Jorge<\/h6>\n<h6>Dra. Susana Leoni<\/h6>\n<h6>Dr. Marcelo Orias<\/h6>\n<h6>Dr. Dar\u00edo Zapata<\/h6>\n","protected":false},"excerpt":{"rendered":"<p>COMIT\u00c9 ORGANIZADOR Dr. Javier de Artega PRESIDENTE Dra. Susana Carmona VICE PRESIDENTE Dr. Rafael Maldonado SECRETARIO Dr. Sergio Boni TESORERO Dra. Susana Leoni SECRETARIO ACADEMICO Dra. Paula Dionisi SECRETARIO DE ACTAS VOCALES Dra. Viviana Isnardi TITULAR Dr. German G\u00e1lvez TITULAR Dra. Adriana Jorge TITULAR Dr. Jorge de la Fuente SUPLENTE COMISION REVISORA DE CUENTAS Dr. [&hellip;]<\/p>\n","protected":false},"author":1,"featured_media":0,"parent":0,"menu_order":0,"comment_status":"closed","ping_status":"closed","template":"page-v2.php","meta":{"_acf_changed":false,"footnotes":""},"class_list":["post-552","page","type-page","status-publish","hentry"],"acf":[],"yoast_head":"<!-- This site is optimized with the Yoast SEO plugin v27.5 - https:\/\/yoast.com\/product\/yoast-seo-wordpress\/ -->\n<title>Autoridades - Simposio Internacional de Medicina de Precisi\u00f3n en Nefrolog\u00eda, Di\u00e1lisis y Transplante<\/title>\n<meta name=\"robots\" content=\"index, follow, max-snippet:-1, max-image-preview:large, max-video-preview:-1\" \/>\n<link rel=\"canonical\" href=\"https:\/\/nefrocba.org.ar\/simposio\/autoridades\/\" \/>\n<meta property=\"og:locale\" content=\"es_ES\" \/>\n<meta property=\"og:type\" content=\"article\" \/>\n<meta property=\"og:title\" content=\"Autoridades - Simposio Internacional de Medicina de Precisi\u00f3n en Nefrolog\u00eda, Di\u00e1lisis y Transplante\" \/>\n<meta property=\"og:description\" content=\"COMIT\u00c9 ORGANIZADOR Dr. Javier de Artega PRESIDENTE Dra. Susana Carmona VICE PRESIDENTE Dr. Rafael Maldonado SECRETARIO Dr. Sergio Boni TESORERO Dra. Susana Leoni SECRETARIO ACADEMICO Dra. Paula Dionisi SECRETARIO DE ACTAS VOCALES Dra. Viviana Isnardi TITULAR Dr. German G\u00e1lvez TITULAR Dra. Adriana Jorge TITULAR Dr. Jorge de la Fuente SUPLENTE COMISION REVISORA DE CUENTAS Dr. [&hellip;]\" \/>\n<meta property=\"og:url\" content=\"https:\/\/nefrocba.org.ar\/simposio\/autoridades\/\" \/>\n<meta property=\"og:site_name\" content=\"Simposio Internacional de Medicina de Precisi\u00f3n en Nefrolog\u00eda, Di\u00e1lisis y Transplante\" \/>\n<meta property=\"article:modified_time\" content=\"2018-12-04T18:02:05+00:00\" \/>\n<meta name=\"twitter:card\" content=\"summary_large_image\" \/>\n<meta name=\"twitter:label1\" content=\"Tiempo de lectura\" \/>\n\t<meta name=\"twitter:data1\" content=\"1 minuto\" \/>\n<script type=\"application\/ld+json\" class=\"yoast-schema-graph\">{\"@context\":\"https:\\\/\\\/schema.org\",\"@graph\":[{\"@type\":\"WebPage\",\"@id\":\"https:\\\/\\\/nefrocba.org.ar\\\/simposio\\\/autoridades\\\/\",\"url\":\"https:\\\/\\\/nefrocba.org.ar\\\/simposio\\\/autoridades\\\/\",\"name\":\"Autoridades - Simposio Internacional de Medicina de Precisi\u00f3n en Nefrolog\u00eda, Di\u00e1lisis y Transplante\",\"isPartOf\":{\"@id\":\"https:\\\/\\\/nefrocba.org.ar\\\/simposio\\\/#website\"},\"datePublished\":\"2018-09-19T04:39:12+00:00\",\"dateModified\":\"2018-12-04T18:02:05+00:00\",\"breadcrumb\":{\"@id\":\"https:\\\/\\\/nefrocba.org.ar\\\/simposio\\\/autoridades\\\/#breadcrumb\"},\"inLanguage\":\"es\",\"potentialAction\":[{\"@type\":\"ReadAction\",\"target\":[\"https:\\\/\\\/nefrocba.org.ar\\\/simposio\\\/autoridades\\\/\"]}]},{\"@type\":\"BreadcrumbList\",\"@id\":\"https:\\\/\\\/nefrocba.org.ar\\\/simposio\\\/autoridades\\\/#breadcrumb\",\"itemListElement\":[{\"@type\":\"ListItem\",\"position\":1,\"name\":\"Portada\",\"item\":\"https:\\\/\\\/nefrocba.org.ar\\\/simposio\\\/\"},{\"@type\":\"ListItem\",\"position\":2,\"name\":\"Autoridades\"}]},{\"@type\":\"WebSite\",\"@id\":\"https:\\\/\\\/nefrocba.org.ar\\\/simposio\\\/#website\",\"url\":\"https:\\\/\\\/nefrocba.org.ar\\\/simposio\\\/\",\"name\":\"Simposio Internacional de Medicina de Precisi\u00f3n en Nefrolog\u00eda, Di\u00e1lisis y Transplante\",\"description\":\"C\u00f3rdoba. 4 - 5 de Abril de 2019\",\"potentialAction\":[{\"@type\":\"SearchAction\",\"target\":{\"@type\":\"EntryPoint\",\"urlTemplate\":\"https:\\\/\\\/nefrocba.org.ar\\\/simposio\\\/?s={search_term_string}\"},\"query-input\":{\"@type\":\"PropertyValueSpecification\",\"valueRequired\":true,\"valueName\":\"search_term_string\"}}],\"inLanguage\":\"es\"}]}<\/script>\n<!-- \/ Yoast SEO plugin. -->","yoast_head_json":{"title":"Autoridades - Simposio Internacional de Medicina de Precisi\u00f3n en Nefrolog\u00eda, Di\u00e1lisis y Transplante","robots":{"index":"index","follow":"follow","max-snippet":"max-snippet:-1","max-image-preview":"max-image-preview:large","max-video-preview":"max-video-preview:-1"},"canonical":"https:\/\/nefrocba.org.ar\/simposio\/autoridades\/","og_locale":"es_ES","og_type":"article","og_title":"Autoridades - Simposio Internacional de Medicina de Precisi\u00f3n en Nefrolog\u00eda, Di\u00e1lisis y Transplante","og_description":"COMIT\u00c9 ORGANIZADOR Dr. Javier de Artega PRESIDENTE Dra. Susana Carmona VICE PRESIDENTE Dr. Rafael Maldonado SECRETARIO Dr. Sergio Boni TESORERO Dra. Susana Leoni SECRETARIO ACADEMICO Dra. Paula Dionisi SECRETARIO DE ACTAS VOCALES Dra. Viviana Isnardi TITULAR Dr. German G\u00e1lvez TITULAR Dra. Adriana Jorge TITULAR Dr. Jorge de la Fuente SUPLENTE COMISION REVISORA DE CUENTAS Dr. [&hellip;]","og_url":"https:\/\/nefrocba.org.ar\/simposio\/autoridades\/","og_site_name":"Simposio Internacional de Medicina de Precisi\u00f3n en Nefrolog\u00eda, Di\u00e1lisis y Transplante","article_modified_time":"2018-12-04T18:02:05+00:00","twitter_card":"summary_large_image","twitter_misc":{"Tiempo de lectura":"1 minuto"},"schema":{"@context":"https:\/\/schema.org","@graph":[{"@type":"WebPage","@id":"https:\/\/nefrocba.org.ar\/simposio\/autoridades\/","url":"https:\/\/nefrocba.org.ar\/simposio\/autoridades\/","name":"Autoridades - Simposio Internacional de Medicina de Precisi\u00f3n en Nefrolog\u00eda, Di\u00e1lisis y Transplante","isPartOf":{"@id":"https:\/\/nefrocba.org.ar\/simposio\/#website"},"datePublished":"2018-09-19T04:39:12+00:00","dateModified":"2018-12-04T18:02:05+00:00","breadcrumb":{"@id":"https:\/\/nefrocba.org.ar\/simposio\/autoridades\/#breadcrumb"},"inLanguage":"es","potentialAction":[{"@type":"ReadAction","target":["https:\/\/nefrocba.org.ar\/simposio\/autoridades\/"]}]},{"@type":"BreadcrumbList","@id":"https:\/\/nefrocba.org.ar\/simposio\/autoridades\/#breadcrumb","itemListElement":[{"@type":"ListItem","position":1,"name":"Portada","item":"https:\/\/nefrocba.org.ar\/simposio\/"},{"@type":"ListItem","position":2,"name":"Autoridades"}]},{"@type":"WebSite","@id":"https:\/\/nefrocba.org.ar\/simposio\/#website","url":"https:\/\/nefrocba.org.ar\/simposio\/","name":"Simposio Internacional de Medicina de Precisi\u00f3n en Nefrolog\u00eda, Di\u00e1lisis y Transplante","description":"C\u00f3rdoba. 4 - 5 de Abril de 2019","potentialAction":[{"@type":"SearchAction","target":{"@type":"EntryPoint","urlTemplate":"https:\/\/nefrocba.org.ar\/simposio\/?s={search_term_string}"},"query-input":{"@type":"PropertyValueSpecification","valueRequired":true,"valueName":"search_term_string"}}],"inLanguage":"es"}]}},"post_mailing_queue_ids":[],"_links":{"self":[{"href":"https:\/\/nefrocba.org.ar\/simposio\/wp-json\/wp\/v2\/pages\/552","targetHints":{"allow":["GET"]}}],"collection":[{"href":"https:\/\/nefrocba.org.ar\/simposio\/wp-json\/wp\/v2\/pages"}],"about":[{"href":"https:\/\/nefrocba.org.ar\/simposio\/wp-json\/wp\/v2\/types\/page"}],"author":[{"embeddable":true,"href":"https:\/\/nefrocba.org.ar\/simposio\/wp-json\/wp\/v2\/users\/1"}],"replies":[{"embeddable":true,"href":"https:\/\/nefrocba.org.ar\/simposio\/wp-json\/wp\/v2\/comments?post=552"}],"version-history":[{"count":12,"href":"https:\/\/nefrocba.org.ar\/simposio\/wp-json\/wp\/v2\/pages\/552\/revisions"}],"predecessor-version":[{"id":739,"href":"https:\/\/nefrocba.org.ar\/simposio\/wp-json\/wp\/v2\/pages\/552\/revisions\/739"}],"wp:attachment":[{"href":"https:\/\/nefrocba.org.ar\/simposio\/wp-json\/wp\/v2\/media?parent=552"}],"curies":[{"name":"wp","href":"https:\/\/api.w.org\/{rel}","templated":true}]}}